{"id":54,"date":"2023-03-13T16:30:22","date_gmt":"2023-03-13T15:30:22","guid":{"rendered":"https:\/\/novaria.cat\/?page_id=54"},"modified":"2026-02-23T12:38:31","modified_gmt":"2026-02-23T11:38:31","slug":"novaria","status":"publish","type":"page","link":"https:\/\/novaria.cat\/es\/novaria\/","title":{"rendered":"NovAria"},"content":{"rendered":"<p><strong>Novaria <\/strong>es una productora musical nacida en 2015, impulsada por el tenor y director art\u00edstico Sergi Gim\u00e9nez Carreras. El 26 de noviembre de 2014, con la voluntad de llevar al gran p\u00fablico \u00f3peras y espect\u00e1culos l\u00edricos, crea el Ciclo de \u00d3pera en el Palau de la M\u00fasica Catalana, el primer ciclo oper\u00edstico llevado a cabo en este espacio tan \u00fanico y especial, y que ofrece, a\u00f1o tras a\u00f1o, las \u00f3peras m\u00e1s aclamadas y representativas a nivel mundial.<\/p>\n<p>Con la voluntad de crear una identidad y sonido propios, en 2019 se suma a las producciones un ciclo de conciertos sinf\u00f3nicos a cargo de la <strong>Orquesta NovAria Filharmonia<\/strong>, dirigida por Jofre Bardolet. Los conciertos, que complementan la programaci\u00f3n, son fruto de colaboraciones con diversas orquestas de todo el territorio donde participan una treintena de m\u00fasicos con gran experiencia procedentes de la OBC, la Orquesta del Liceu, la Orquesta C\u00e1mara de Andorra y la Orquesta Barroca de Barcelona, entre otros.<\/p>\n<p>El marco de las producciones y conciertos es el espacio esc\u00e9nico de la Sala de Conciertos del <strong>Palau de la M\u00fasica Catalana<\/strong>, el edificio emblem\u00e1tico de la ciudad proyectado por el arquitecto Dom\u00e8nech i Montaner, que aporta a los espect\u00e1culos oper\u00edsticos un ambiente y una escenograf\u00eda tan caracter\u00edsticos, y que ha marcado la concepci\u00f3n y puesta en escena de todos los espect\u00e1culos que la productora ha creado especialmente para el Palau.<\/p>\n<p>A\u00f1o tras a\u00f1o, el <strong>Ciclo de \u00d3pera NovAria<\/strong> programa los grandes t\u00edtulos de la tradici\u00f3n oper\u00edstica europea, que se tratan con esmero para ofrecer al gran p\u00fablico una \u00f3pera adaptada a los tiempos modernos &#8211; ajustada a una duraci\u00f3n aproximada de 2 horas m\u00e1s el entreacto &#8211; y con una puesta en escena cl\u00e1sica que transporta al espectador a la \u00e9poca en la que fue concebida la pieza. Una de las particularidades de estas producciones es la situaci\u00f3n de la orquesta en el escenario, que se ubica en la grada y en frente de los cantantes, donde queda perfectamente integrada en la escena.<\/p>\n","protected":false},"excerpt":{"rendered":"<p>Novaria es una productora musical nacida en 2015, impulsada por el tenor y director art\u00edstico Sergi Gim\u00e9nez Carreras. El 26 de noviembre de 2014, con la voluntad de llevar al gran p\u00fablico \u00f3peras y espect\u00e1culos l\u00edricos, crea el Ciclo de \u00d3pera en el Palau de la M\u00fasica Catalana, el primer ciclo oper\u00edstico llevado a cabo [&hellip;]<\/p>\n","protected":false},"author":1,"featured_media":966,"parent":0,"menu_order":0,"comment_status":"closed","ping_status":"closed","template":"","meta":{"footnotes":""},"class_list":["post-54","page","type-page","status-publish","has-post-thumbnail","hentry"],"yoast_head":"<!-- This site is optimized with the Yoast SEO plugin v26.2 - https:\/\/yoast.com\/wordpress\/plugins\/seo\/ -->\n<title>NovAria | NovAria<\/title>\n<meta name=\"description\" content=\"Novaria es una productora musical nacida en 2015, impulsada por el tenor y director art\u00edstico Sergi Gim\u00e9nez Carreras. El 26 de noviembre de 2014, con la\" \/>\n<meta name=\"robots\" content=\"index, follow, max-snippet:-1, max-image-preview:large, max-video-preview:-1\" \/>\n<link rel=\"canonical\" href=\"https:\/\/novaria.cat\/es\/novaria\/\" \/>\n<meta property=\"og:locale\" content=\"es_ES\" \/>\n<meta property=\"og:type\" content=\"article\" \/>\n<meta property=\"og:title\" content=\"NovAria | NovAria\" \/>\n<meta property=\"og:description\" content=\"Novaria es una productora musical nacida en 2015, impulsada por el tenor y director art\u00edstico Sergi Gim\u00e9nez Carreras. El 26 de noviembre de 2014, con la\" \/>\n<meta property=\"og:url\" content=\"https:\/\/novaria.cat\/es\/novaria\/\" \/>\n<meta property=\"og:site_name\" content=\"NovAria\" \/>\n<meta property=\"article:modified_time\" content=\"2026-02-23T11:38:31+00:00\" \/>\n<meta property=\"og:image\" content=\"https:\/\/novaria.cat\/wp-content\/uploads\/2023\/09\/Imatge-NOVARIA-OK-resize.jpg\" \/>\n\t<meta property=\"og:image:width\" content=\"1920\" \/>\n\t<meta property=\"og:image:height\" content=\"975\" \/>\n\t<meta property=\"og:image:type\" content=\"image\/jpeg\" \/>\n<meta name=\"twitter:card\" content=\"summary_large_image\" \/>\n<meta name=\"twitter:site\" content=\"@artistsnovaria\" \/>\n<meta name=\"twitter:label1\" content=\"Tiempo de lectura\" \/>\n\t<meta name=\"twitter:data1\" content=\"2 minutos\" \/>\n<script type=\"application\/ld+json\" class=\"yoast-schema-graph\">{\"@context\":\"https:\/\/schema.org\",\"@graph\":[{\"@type\":\"WebPage\",\"@id\":\"https:\/\/novaria.cat\/es\/novaria\/\",\"url\":\"https:\/\/novaria.cat\/es\/novaria\/\",\"name\":\"NovAria | NovAria\",\"isPartOf\":{\"@id\":\"https:\/\/novaria.cat\/es\/#website\"},\"primaryImageOfPage\":{\"@id\":\"https:\/\/novaria.cat\/es\/novaria\/#primaryimage\"},\"image\":{\"@id\":\"https:\/\/novaria.cat\/es\/novaria\/#primaryimage\"},\"thumbnailUrl\":\"https:\/\/novaria.cat\/wp-content\/uploads\/2023\/09\/Imatge-NOVARIA-OK-resize.jpg\",\"datePublished\":\"2023-03-13T15:30:22+00:00\",\"dateModified\":\"2026-02-23T11:38:31+00:00\",\"description\":\"Novaria es una productora musical nacida en 2015, impulsada por el tenor y director art\u00edstico Sergi Gim\u00e9nez Carreras. El 26 de noviembre de 2014, con la\",\"breadcrumb\":{\"@id\":\"https:\/\/novaria.cat\/es\/novaria\/#breadcrumb\"},\"inLanguage\":\"es\",\"potentialAction\":[{\"@type\":\"ReadAction\",\"target\":[\"https:\/\/novaria.cat\/es\/novaria\/\"]}]},{\"@type\":\"ImageObject\",\"inLanguage\":\"es\",\"@id\":\"https:\/\/novaria.cat\/es\/novaria\/#primaryimage\",\"url\":\"https:\/\/novaria.cat\/wp-content\/uploads\/2023\/09\/Imatge-NOVARIA-OK-resize.jpg\",\"contentUrl\":\"https:\/\/novaria.cat\/wp-content\/uploads\/2023\/09\/Imatge-NOVARIA-OK-resize.jpg\",\"width\":1920,\"height\":975,\"caption\":\"Imatge-NOVARIA-OK-resize\"},{\"@type\":\"BreadcrumbList\",\"@id\":\"https:\/\/novaria.cat\/es\/novaria\/#breadcrumb\",\"itemListElement\":[{\"@type\":\"ListItem\",\"position\":1,\"name\":\"Inici\",\"item\":\"https:\/\/novaria.cat\/es\/\"},{\"@type\":\"ListItem\",\"position\":2,\"name\":\"NovAria\"}]},{\"@type\":\"WebSite\",\"@id\":\"https:\/\/novaria.cat\/es\/#website\",\"url\":\"https:\/\/novaria.cat\/es\/\",\"name\":\"NovAria\",\"description\":\"Cicle d\u2019\u00f2peres i concerts\",\"publisher\":{\"@id\":\"https:\/\/novaria.cat\/es\/#organization\"},\"alternateName\":\"NovAria\",\"potentialAction\":[{\"@type\":\"SearchAction\",\"target\":{\"@type\":\"EntryPoint\",\"urlTemplate\":\"https:\/\/novaria.cat\/es\/?s={search_term_string}\"},\"query-input\":{\"@type\":\"PropertyValueSpecification\",\"valueRequired\":true,\"valueName\":\"search_term_string\"}}],\"inLanguage\":\"es\"},{\"@type\":\"Organization\",\"@id\":\"https:\/\/novaria.cat\/es\/#organization\",\"name\":\"NovAria\",\"alternateName\":\"NovAria\",\"url\":\"https:\/\/novaria.cat\/es\/\",\"logo\":{\"@type\":\"ImageObject\",\"inLanguage\":\"es\",\"@id\":\"https:\/\/novaria.cat\/es\/#\/schema\/logo\/image\/\",\"url\":\"https:\/\/novaria.cat\/wp-content\/uploads\/2024\/03\/logo_novaria_negre_cuadrat-1.jpg\",\"contentUrl\":\"https:\/\/novaria.cat\/wp-content\/uploads\/2024\/03\/logo_novaria_negre_cuadrat-1.jpg\",\"width\":1070,\"height\":817,\"caption\":\"NovAria\"},\"image\":{\"@id\":\"https:\/\/novaria.cat\/es\/#\/schema\/logo\/image\/\"},\"sameAs\":[\"https:\/\/x.com\/artistsnovaria\",\"https:\/\/www.instagram.com\/novaria_artists\/\",\"https:\/\/vimeo.com\/user88419931\"]}]}<\/script>\n<!-- \/ Yoast SEO plugin. -->","yoast_head_json":{"title":"NovAria | NovAria","description":"Novaria es una productora musical nacida en 2015, impulsada por el tenor y director art\u00edstico Sergi Gim\u00e9nez Carreras. El 26 de noviembre de 2014, con la","robots":{"index":"index","follow":"follow","max-snippet":"max-snippet:-1","max-image-preview":"max-image-preview:large","max-video-preview":"max-video-preview:-1"},"canonical":"https:\/\/novaria.cat\/es\/novaria\/","og_locale":"es_ES","og_type":"article","og_title":"NovAria | NovAria","og_description":"Novaria es una productora musical nacida en 2015, impulsada por el tenor y director art\u00edstico Sergi Gim\u00e9nez Carreras. El 26 de noviembre de 2014, con la","og_url":"https:\/\/novaria.cat\/es\/novaria\/","og_site_name":"NovAria","article_modified_time":"2026-02-23T11:38:31+00:00","og_image":[{"width":1920,"height":975,"url":"https:\/\/novaria.cat\/wp-content\/uploads\/2023\/09\/Imatge-NOVARIA-OK-resize.jpg","type":"image\/jpeg"}],"twitter_card":"summary_large_image","twitter_site":"@artistsnovaria","twitter_misc":{"Tiempo de lectura":"2 minutos"},"schema":{"@context":"https:\/\/schema.org","@graph":[{"@type":"WebPage","@id":"https:\/\/novaria.cat\/es\/novaria\/","url":"https:\/\/novaria.cat\/es\/novaria\/","name":"NovAria | NovAria","isPartOf":{"@id":"https:\/\/novaria.cat\/es\/#website"},"primaryImageOfPage":{"@id":"https:\/\/novaria.cat\/es\/novaria\/#primaryimage"},"image":{"@id":"https:\/\/novaria.cat\/es\/novaria\/#primaryimage"},"thumbnailUrl":"https:\/\/novaria.cat\/wp-content\/uploads\/2023\/09\/Imatge-NOVARIA-OK-resize.jpg","datePublished":"2023-03-13T15:30:22+00:00","dateModified":"2026-02-23T11:38:31+00:00","description":"Novaria es una productora musical nacida en 2015, impulsada por el tenor y director art\u00edstico Sergi Gim\u00e9nez Carreras. El 26 de noviembre de 2014, con la","breadcrumb":{"@id":"https:\/\/novaria.cat\/es\/novaria\/#breadcrumb"},"inLanguage":"es","potentialAction":[{"@type":"ReadAction","target":["https:\/\/novaria.cat\/es\/novaria\/"]}]},{"@type":"ImageObject","inLanguage":"es","@id":"https:\/\/novaria.cat\/es\/novaria\/#primaryimage","url":"https:\/\/novaria.cat\/wp-content\/uploads\/2023\/09\/Imatge-NOVARIA-OK-resize.jpg","contentUrl":"https:\/\/novaria.cat\/wp-content\/uploads\/2023\/09\/Imatge-NOVARIA-OK-resize.jpg","width":1920,"height":975,"caption":"Imatge-NOVARIA-OK-resize"},{"@type":"BreadcrumbList","@id":"https:\/\/novaria.cat\/es\/novaria\/#breadcrumb","itemListElement":[{"@type":"ListItem","position":1,"name":"Inici","item":"https:\/\/novaria.cat\/es\/"},{"@type":"ListItem","position":2,"name":"NovAria"}]},{"@type":"WebSite","@id":"https:\/\/novaria.cat\/es\/#website","url":"https:\/\/novaria.cat\/es\/","name":"NovAria","description":"Cicle d\u2019\u00f2peres i concerts","publisher":{"@id":"https:\/\/novaria.cat\/es\/#organization"},"alternateName":"NovAria","potentialAction":[{"@type":"SearchAction","target":{"@type":"EntryPoint","urlTemplate":"https:\/\/novaria.cat\/es\/?s={search_term_string}"},"query-input":{"@type":"PropertyValueSpecification","valueRequired":true,"valueName":"search_term_string"}}],"inLanguage":"es"},{"@type":"Organization","@id":"https:\/\/novaria.cat\/es\/#organization","name":"NovAria","alternateName":"NovAria","url":"https:\/\/novaria.cat\/es\/","logo":{"@type":"ImageObject","inLanguage":"es","@id":"https:\/\/novaria.cat\/es\/#\/schema\/logo\/image\/","url":"https:\/\/novaria.cat\/wp-content\/uploads\/2024\/03\/logo_novaria_negre_cuadrat-1.jpg","contentUrl":"https:\/\/novaria.cat\/wp-content\/uploads\/2024\/03\/logo_novaria_negre_cuadrat-1.jpg","width":1070,"height":817,"caption":"NovAria"},"image":{"@id":"https:\/\/novaria.cat\/es\/#\/schema\/logo\/image\/"},"sameAs":["https:\/\/x.com\/artistsnovaria","https:\/\/www.instagram.com\/novaria_artists\/","https:\/\/vimeo.com\/user88419931"]}]}},"_links":{"self":[{"href":"https:\/\/novaria.cat\/es\/wp-json\/wp\/v2\/pages\/54","targetHints":{"allow":["GET"]}}],"collection":[{"href":"https:\/\/novaria.cat\/es\/wp-json\/wp\/v2\/pages"}],"about":[{"href":"https:\/\/novaria.cat\/es\/wp-json\/wp\/v2\/types\/page"}],"author":[{"embeddable":true,"href":"https:\/\/novaria.cat\/es\/wp-json\/wp\/v2\/users\/1"}],"replies":[{"embeddable":true,"href":"https:\/\/novaria.cat\/es\/wp-json\/wp\/v2\/comments?post=54"}],"version-history":[{"count":4,"href":"https:\/\/novaria.cat\/es\/wp-json\/wp\/v2\/pages\/54\/revisions"}],"predecessor-version":[{"id":3294,"href":"https:\/\/novaria.cat\/es\/wp-json\/wp\/v2\/pages\/54\/revisions\/3294"}],"wp:featuredmedia":[{"embeddable":true,"href":"https:\/\/novaria.cat\/es\/wp-json\/wp\/v2\/media\/966"}],"wp:attachment":[{"href":"https:\/\/novaria.cat\/es\/wp-json\/wp\/v2\/media?parent=54"}],"curies":[{"name":"wp","href":"https:\/\/api.w.org\/{rel}","templated":true}]}}